{"id":11,"date":"2025-09-04T13:28:16","date_gmt":"2025-09-04T13:28:16","guid":{"rendered":"https:\/\/www.deephealing.fi\/kauppa\/?page_id=11"},"modified":"2025-09-04T13:28:17","modified_gmt":"2025-09-04T13:28:17","slug":"tilausehdot","status":"publish","type":"page","link":"https:\/\/www.deephealing.fi\/kauppa\/tilausehdot\/","title":{"rendered":"Tilaus ja toimitusehdot"},"content":{"rendered":"\n<p>Tarjoamme tuotteillemme 14 pv palautusoikeuden. Tuotteilla voi my\u00f6s olla pidempi palautusoikeus, josta mainitaan erikseen.<\/p>\n\n\n\n<p>Digitaaliselle sis\u00e4ll\u00f6ll\u00e4 on 14 pv palautusoikeus. Palautusoikeuden menett\u00e4\u00e4 lataamalla ostetun digitaalisen sis\u00e4ll\u00f6n ja\/tai muuten suostumuksellisesti vastaanottamalla digitaalisen sis\u00e4ll\u00f6n.<\/p>\n\n\n\n<p>Sinet\u00f6idyill\u00e4 cd\/dvd-levyill\u00e4, jotka on avattu ei ole palautusoikeutta.<\/p>\n\n\n\n<p>Yksitt\u00e4isill\u00e4 julkaisuilla ei ole palautusoikeutta.<\/p>\n\n\n\n<p>Webinaari- tai konferenssilippuja ei voi palauttaa kyseisen webinaarin tai konferenssin pit\u00e4misen tai erikseen mainitun p\u00e4iv\u00e4m\u00e4\u00e4r\u00e4n j\u00e4lkeen.<\/p>\n\n\n\n<p>Tuotteiden toimitusmaksu on 5 \u20ac ensimm\u00e4iselt\u00e4 tuotteelta ja 2.5 \u20ac seuraavilta samaan tilaukseen kuuluvilta tuotteilta. Jos tuotteelle\/tuotteille ei n\u00e4y toimituskuluja kassalla on n\u00e4iden tuotteiden toimitus ilmainen. Postitettavat tuotteet postitetaan seitsem\u00e4n (7) arkip\u00e4iv\u00e4n kuluessa tilauksesta. Digitaaliset tuotteet toimitetaan annettuun s\u00e4hk\u00f6postiosoitteeseen ja\/tai annetaan ladattavaksi heti maksutapahtuman j\u00e4lkeen. Toimitamme vain Suomeen.<\/p>\n\n\n\n<p>Palauttaaksesi tuotteen ota yhteytt\u00e4 osoitteeseen toimisto(at)deephealing.fi palautusajan sis\u00e4ll\u00e4. Asiakas vastaa palautusten mahdollisista postituskuluista. Vastaamme yhteydenottoihin seitsem\u00e4n (7) arkip\u00e4iv\u00e4n sis\u00e4ll\u00e4.<\/p>\n\n\n\n<p>Reklamaatiot osoitteeseen toimisto(at)deephealing.fi vastaamme reklamaatioihin seitsem\u00e4n (7) arkip\u00e4iv\u00e4n sis\u00e4ll\u00e4.<\/p>\n\n\n\n<p>Palautuksissa maksunpalautus tehd\u00e4\u00e4n tilauksessa k\u00e4ytetylle maksutavalle.<\/p>\n\n\n\n<p>Jos tuotteen toimittaminen ei onnistu ilmoitetaan siit\u00e4 mahdollisimman nopeasti asiakkalle ja rahat palautetaan kokonaisuudessaan maksunpalautuksena tilauksessa k\u00e4ytetylle maksutavalle.<\/p>\n","protected":false},"excerpt":{"rendered":"<p>Tarjoamme tuotteillemme 14 pv palautusoikeuden. Tuotteilla voi my\u00f6s olla pidempi palautusoikeus, josta mainitaan erikseen. Digitaaliselle sis\u00e4ll\u00f6ll\u00e4 on 14 pv palautusoikeus. Palautusoikeuden menett\u00e4\u00e4 lataamalla ostetun digitaalisen sis\u00e4ll\u00f6n ja\/tai muuten suostumuksellisesti vastaanottamalla digitaalisen sis\u00e4ll\u00f6n. Sinet\u00f6idyill\u00e4 cd\/dvd-levyill\u00e4, jotka on avattu ei ole palautusoikeutta. Yksitt\u00e4isill\u00e4 julkaisuilla ei ole palautusoikeutta. Webinaari- tai konferenssilippuja ei voi palauttaa kyseisen webinaarin tai konferenssin [&hellip;]<\/p>\n","protected":false},"author":1,"featured_media":0,"parent":0,"menu_order":0,"comment_status":"closed","ping_status":"closed","template":"","meta":{"footnotes":""},"class_list":["post-11","page","type-page","status-publish","hentry"],"_links":{"self":[{"href":"https:\/\/www.deephealing.fi\/kauppa\/wp-json\/wp\/v2\/pages\/11","targetHints":{"allow":["GET"]}}],"collection":[{"href":"https:\/\/www.deephealing.fi\/kauppa\/wp-json\/wp\/v2\/pages"}],"about":[{"href":"https:\/\/www.deephealing.fi\/kauppa\/wp-json\/wp\/v2\/types\/page"}],"author":[{"embeddable":true,"href":"https:\/\/www.deephealing.fi\/kauppa\/wp-json\/wp\/v2\/users\/1"}],"replies":[{"embeddable":true,"href":"https:\/\/www.deephealing.fi\/kauppa\/wp-json\/wp\/v2\/comments?post=11"}],"version-history":[{"count":1,"href":"https:\/\/www.deephealing.fi\/kauppa\/wp-json\/wp\/v2\/pages\/11\/revisions"}],"predecessor-version":[{"id":155,"href":"https:\/\/www.deephealing.fi\/kauppa\/wp-json\/wp\/v2\/pages\/11\/revisions\/155"}],"wp:attachment":[{"href":"https:\/\/www.deephealing.fi\/kauppa\/wp-json\/wp\/v2\/media?parent=11"}],"curies":[{"name":"wp","href":"https:\/\/api.w.org\/{rel}","templated":true}]}}