{"id":86,"date":"2025-09-03T14:53:08","date_gmt":"2025-09-03T14:53:08","guid":{"rendered":"https:\/\/www.deephealing.fi\/kauppa\/?page_id=86"},"modified":"2025-09-03T14:53:08","modified_gmt":"2025-09-03T14:53:08","slug":"tietosuojaseloste","status":"publish","type":"page","link":"https:\/\/www.deephealing.fi\/kauppa\/tietosuojaseloste\/","title":{"rendered":"Tietosuojaseloste"},"content":{"rendered":"\n<p>DEEP HEALING FINLAND RY 30.8.2025<\/p>\n\n\n\n<p>TIETOSUOJASELOSTE<\/p>\n\n\n\n<ol class=\"wp-block-list\">\n<li>Rekisterinpit\u00e4j\u00e4<br>Deep Healing Finland ry<br>c\/o Erkki Sarsa<br>V\u00e4\u00e4r\u00e4m\u00e4entie 6 H 00700 Helsinki<br>p. 040-7346936<br>email: erkki.sarsa@gmail.com<\/li>\n\n\n\n<li>Rekisterin nimi<br>Deep Healing Finland ry:n asiakasrekisteri<\/li>\n\n\n\n<li>Henkil\u00f6tietojen k\u00e4sittelyn tarkoitus<br>Rekisterin tarkoituksena on yll\u00e4pit\u00e4\u00e4 yhdistyksen j\u00e4rjest\u00e4miin tapahtumiin osallistuneiden henkil\u00f6iden<br>yhteystietoja yhdistyksen toiminnasta tiedottamista varten. Tietoja ei k\u00e4ytet\u00e4 muuhun tarkoitukseen kun<br>tiedotteiden l\u00e4hett\u00e4miseen.<\/li>\n\n\n\n<li>Rekisterin tietosis\u00e4lt\u00f6<br>Rekisteri sis\u00e4lt\u00e4\u00e4 rekister\u00f6ityjen nimet ja yhteystiedot.<\/li>\n\n\n\n<li>S\u00e4\u00e4nn\u00f6nmukaiset tietol\u00e4hteet ja tietojen luovutukset<br>Henkil\u00f6tiedot saadaan rekister\u00f6idylt\u00e4 itselt\u00e4\u00e4n.\u00a0 Tietoja ei luovuteta eteenp\u00e4in.<\/li>\n\n\n\n<li>Rekisterin suojauksen periaatteet<br>Henkil\u00f6tietoja k\u00e4sittelev\u00e4t vain ne henkil\u00f6t, joille se on yhdistyksen toimintaan liittyvien teht\u00e4viens\u00e4 vuoksi<br>tarpeellista. Tiedot on suojattu ohjelmistollisesti, palomuurein ja salasanoin ja muin tarpeellisin keinoin.<br>Tiedot poistetaan rekister\u00f6idyn pyynn\u00f6st\u00e4 ja viimeist\u00e4\u00e4n yhdistyksen purkautuessa.<\/li>\n\n\n\n<li>Rekister\u00f6idyn oikeudet<br>Rekister\u00f6idyll\u00e4 on oikeus pyyt\u00e4\u00e4 henkil\u00f6tietojensa tarkistamista, oikaisemista tai poistamista milloin<br>tahansa ottamalla yhteytt\u00e4 1-kohdassa mainittuun yhteyshenkil\u00f6\u00f6n.<\/li>\n<\/ol>\n","protected":false},"excerpt":{"rendered":"<p>DEEP HEALING FINLAND RY 30.8.2025 TIETOSUOJASELOSTE<\/p>\n","protected":false},"author":1,"featured_media":0,"parent":0,"menu_order":0,"comment_status":"closed","ping_status":"closed","template":"","meta":{"footnotes":""},"class_list":["post-86","page","type-page","status-publish","hentry"],"_links":{"self":[{"href":"https:\/\/www.deephealing.fi\/kauppa\/wp-json\/wp\/v2\/pages\/86","targetHints":{"allow":["GET"]}}],"collection":[{"href":"https:\/\/www.deephealing.fi\/kauppa\/wp-json\/wp\/v2\/pages"}],"about":[{"href":"https:\/\/www.deephealing.fi\/kauppa\/wp-json\/wp\/v2\/types\/page"}],"author":[{"embeddable":true,"href":"https:\/\/www.deephealing.fi\/kauppa\/wp-json\/wp\/v2\/users\/1"}],"replies":[{"embeddable":true,"href":"https:\/\/www.deephealing.fi\/kauppa\/wp-json\/wp\/v2\/comments?post=86"}],"version-history":[{"count":1,"href":"https:\/\/www.deephealing.fi\/kauppa\/wp-json\/wp\/v2\/pages\/86\/revisions"}],"predecessor-version":[{"id":87,"href":"https:\/\/www.deephealing.fi\/kauppa\/wp-json\/wp\/v2\/pages\/86\/revisions\/87"}],"wp:attachment":[{"href":"https:\/\/www.deephealing.fi\/kauppa\/wp-json\/wp\/v2\/media?parent=86"}],"curies":[{"name":"wp","href":"https:\/\/api.w.org\/{rel}","templated":true}]}}