{"id":186,"date":"2025-09-07T13:27:54","date_gmt":"2025-09-07T13:27:54","guid":{"rendered":"https:\/\/www.deephealing.fi\/kauppa\/?post_type=product&#038;p=186"},"modified":"2025-09-10T15:51:40","modified_gmt":"2025-09-10T15:51:40","slug":"lahjoitus","status":"publish","type":"product","link":"https:\/\/www.deephealing.fi\/kauppa\/tuote\/lahjoitus\/","title":{"rendered":"Lahjoitus"},"content":{"rendered":"<p>Voit antaa\u00a0vapaaehtoisen uhrilahjan Hixsonien palveluty\u00f6n tukemiseksi. Hixsonit tekev\u00e4t palveluty\u00f6t\u00e4\u00e4n t\u00e4ysin uskonvaraisesti.<\/p>\n","protected":false},"excerpt":{"rendered":"<p>Vapaaehtoinen lahjoitus Hixsonien palveluty\u00f6n tukemiseen<\/p>\n","protected":false},"featured_media":162,"template":"","meta":[],"product_brand":[],"product_cat":[21],"product_tag":[],"class_list":{"0":"post-186","1":"product","2":"type-product","3":"status-publish","4":"has-post-thumbnail","6":"product_cat-lahjoitukset","8":"first","9":"instock","10":"shipping-taxable","11":"purchasable","12":"product-type-variable"},"_links":{"self":[{"href":"https:\/\/www.deephealing.fi\/kauppa\/wp-json\/wp\/v2\/product\/186","targetHints":{"allow":["GET"]}}],"collection":[{"href":"https:\/\/www.deephealing.fi\/kauppa\/wp-json\/wp\/v2\/product"}],"about":[{"href":"https:\/\/www.deephealing.fi\/kauppa\/wp-json\/wp\/v2\/types\/product"}],"wp:featuredmedia":[{"embeddable":true,"href":"https:\/\/www.deephealing.fi\/kauppa\/wp-json\/wp\/v2\/media\/162"}],"wp:attachment":[{"href":"https:\/\/www.deephealing.fi\/kauppa\/wp-json\/wp\/v2\/media?parent=186"}],"wp:term":[{"taxonomy":"product_brand","embeddable":true,"href":"https:\/\/www.deephealing.fi\/kauppa\/wp-json\/wp\/v2\/product_brand?post=186"},{"taxonomy":"product_cat","embeddable":true,"href":"https:\/\/www.deephealing.fi\/kauppa\/wp-json\/wp\/v2\/product_cat?post=186"},{"taxonomy":"product_tag","embeddable":true,"href":"https:\/\/www.deephealing.fi\/kauppa\/wp-json\/wp\/v2\/product_tag?post=186"}],"curies":[{"name":"wp","href":"https:\/\/api.w.org\/{rel}","templated":true}]}}