{"id":350,"date":"2026-05-09T19:03:22","date_gmt":"2026-05-09T19:03:22","guid":{"rendered":"https:\/\/www.deephealing.fi\/kauppa\/?post_type=product&#038;p=350"},"modified":"2026-05-12T06:43:16","modified_gmt":"2026-05-12T06:43:16","slug":"tampereen-seminaari-5-7-6-2026","status":"publish","type":"product","link":"https:\/\/www.deephealing.fi\/kauppa\/tuote\/tampereen-seminaari-5-7-6-2026\/","title":{"rendered":"Tampereen seminaari 5.-7.6.2026"},"content":{"rendered":"<p>L\u00c4HEISYYS KRISTUKSEN KANSSA &#8211; TIE VAPAUTEEN<\/p>\n<div><b>SIS\u00c4ISEN PARANEMISEN JA VAPAUTUMISEN PERUSSEMINAARI<\/b><\/div>\n<div>\n<p style=\"font-weight: 400;\"><strong>Gary Hixson, Kathleen Hixson<br \/>\n<\/strong><strong>Tampere 5.-7.6. 2026<\/strong><\/p>\n<p>Aika: pe 5.6. klo 17.00 \u2013 su 7.6. klo 15.00<br \/>\nTarkempi aikataulu ja muut tarkemmat ohjeet l\u00e4hetet\u00e4\u00e4n osallistujille osallistumisvahvistuksen eli tuotteen ostamisen yhteydess\u00e4.<\/p>\n<p><strong>Paikka:<\/strong> Toivon Portti -seurakunta<br \/>\nSiltakatu 4 A 1, 33100 Tampere<\/p>\n<p><strong>Hinta <\/strong><br \/>\n95 \u20ac<br \/>\n75 \u20ac opiskelija, ty\u00f6t\u00f6n, el\u00e4kel\u00e4inen<br \/>\nHintaan sis\u00e4ltyv\u00e4t opetusmateriaalit sek\u00e4 p\u00e4iv\u00e4kahvit.<\/p>\n<p>Seminaarin aikana ker\u00e4t\u00e4\u00e4n <strong>vapaaehtoinen uhrilahja<\/strong> Hixsonien palveluty\u00f6n tukemiseksi. Hixsonit tekev\u00e4t palveluty\u00f6t\u00e4\u00e4n t\u00e4ysin uskonvaraisesti.<\/p>\n<p>I<strong>lmoittautuminen<\/strong> viimeist\u00e4\u00e4n 29.5. Ilmoittautuminen tapahtuu, kun ostat t\u00e4m\u00e4n tuotteen t\u00e4st\u00e4 verkkokaupasta.<\/p>\n<p><strong>Lis\u00e4tiedot:<\/strong> s\u00e4hk\u00f6postitse <a href=\"mailto:toimisto@deephealing.fi\">toimisto@deephealing.fi<\/a><br \/>\ntekstiviestein ja puhelimitse 050 912 8378 (Sirkku J\u00e4rvensivu)<\/p>\n<p><strong>Kokousj\u00e4rjestelyt:<\/strong> Seminaarin j\u00e4rjest\u00e4\u00e4 Deep Healing Finland Ry. Opetuksesta vastaa pastori Gary Hixson ja Kathleen Hixson yhdess\u00e4 suomalaisen tiimin kanssa. Kokouspaikalle voidaan ottaa henkil\u00f6it\u00e4 enint\u00e4\u00e4n viranomaisten sallima m\u00e4\u00e4r\u00e4. Paikat t\u00e4ytet\u00e4\u00e4n ilmoittautumisj\u00e4rjestyksess\u00e4. Opetus tulkataan englannista suomeksi.<\/p>\n<p><strong>Seminaarin sis\u00e4lt\u00f6:\u00a0<\/strong> Opetuksessa keskeisell\u00e4 sijalla ovat:<br \/>\n* oikea identiteetti ja raamatullinen maailmankuva, jonka kautta ymm\u00e4rr\u00e4mme paremmin Pyh\u00e4n Hengen toimintaa ja voimme kokea rikkaampaa ja l\u00e4heisemp\u00e4\u00e4 yhteytt\u00e4 Jumalaan<br \/>\n* uskovien auttaminen ottamaan vastaan parantumista syviin tunnehaavoihin, vahingoittaviin reagointimalleihin sek\u00e4 vapautumista henkivaltasiteist\u00e4<br \/>\n* opetus ja rukouspalvelu auttavat ihmisi\u00e4 tekem\u00e4\u00e4n sovinnon menneisyytens\u00e4 kanssa sek\u00e4 Jumalan ja l\u00e4heistens\u00e4 kanssa.<\/p>\n<\/div>\n","protected":false},"excerpt":{"rendered":"<div><b>SIS\u00c4ISEN PARANEMISEN JA VAPAUTUMISEN PERUSSEMINAARI<\/b><\/div>\n<div>\n<div>\n<p style=\"font-weight: 400;\"><strong>Gary Hixson, Kathleen Hixson<br \/>\n<\/strong><strong>Tampere 5.-7.6. 2026<\/strong><\/p>\n<\/div>\n<\/div>\n","protected":false},"featured_media":111,"template":"","meta":[],"product_brand":[],"product_cat":[20],"product_tag":[],"class_list":{"0":"post-350","1":"product","2":"type-product","3":"status-publish","4":"has-post-thumbnail","6":"product_cat-seminaarit","8":"first","9":"instock","10":"shipping-taxable","11":"purchasable","12":"product-type-variable","13":"has-default-attributes"},"_links":{"self":[{"href":"https:\/\/www.deephealing.fi\/kauppa\/wp-json\/wp\/v2\/product\/350","targetHints":{"allow":["GET"]}}],"collection":[{"href":"https:\/\/www.deephealing.fi\/kauppa\/wp-json\/wp\/v2\/product"}],"about":[{"href":"https:\/\/www.deephealing.fi\/kauppa\/wp-json\/wp\/v2\/types\/product"}],"wp:featuredmedia":[{"embeddable":true,"href":"https:\/\/www.deephealing.fi\/kauppa\/wp-json\/wp\/v2\/media\/111"}],"wp:attachment":[{"href":"https:\/\/www.deephealing.fi\/kauppa\/wp-json\/wp\/v2\/media?parent=350"}],"wp:term":[{"taxonomy":"product_brand","embeddable":true,"href":"https:\/\/www.deephealing.fi\/kauppa\/wp-json\/wp\/v2\/product_brand?post=350"},{"taxonomy":"product_cat","embeddable":true,"href":"https:\/\/www.deephealing.fi\/kauppa\/wp-json\/wp\/v2\/product_cat?post=350"},{"taxonomy":"product_tag","embeddable":true,"href":"https:\/\/www.deephealing.fi\/kauppa\/wp-json\/wp\/v2\/product_tag?post=350"}],"curies":[{"name":"wp","href":"https:\/\/api.w.org\/{rel}","templated":true}]}}