{"id":353,"date":"2026-05-09T20:18:24","date_gmt":"2026-05-09T20:18:24","guid":{"rendered":"https:\/\/www.deephealing.fi\/kauppa\/?post_type=product&#038;p=353"},"modified":"2026-05-10T07:23:15","modified_gmt":"2026-05-10T07:23:15","slug":"ajanvaraus-tarkkailijaksi-10-6-2026","status":"publish","type":"product","link":"https:\/\/www.deephealing.fi\/kauppa\/tuote\/ajanvaraus-tarkkailijaksi-10-6-2026\/","title":{"rendered":"Ajanvaraus tarkkailijaksi 10.6.2026"},"content":{"rendered":"<div><b>Deep Healing perusseminaari Tampere 5.-7.6.2026<\/b><\/div>\n<p><strong>Ajanvaraustoive tarkkailijaksi\u00a0<\/strong>Gary tai Kathleen Hixsonin antamaan rukouspalveluun<br \/>\nTampereella (paikka tarkentuu my\u00f6hemmin) ke 10.6.2026.<br \/>\nRukousaika on 2 tuntia.<br \/>\nTulkkausta ei j\u00e4rjestet\u00e4 kaikkiin rukouspalvelutilanteisiin.<br \/>\nIlmoittautumisen edellytyksen\u00e4 on, ett\u00e4 olet osallistunut joko t\u00e4h\u00e4n tai johonkin aiempaan DH seminaariin.<br \/>\nPyyd\u00e4mme suhtautumaan ymm\u00e4rryksell\u00e4 siihen, ettei tarkkailuaikaa voida aina toteuttaa toivomusten mukaisesti.<\/p>\n<p style=\"font-weight: 400;\">Lis\u00e4tietoja saat tarvittaessa s\u00e4hk\u00f6postitse <a href=\"mailto:toimisto@deephealing.fi\">toimisto@deephealing.fi<\/a><\/p>\n","protected":false},"excerpt":{"rendered":"<p><strong>Ajanvaraustoive tarkkailijaksi\u00a0<\/strong>Gary tai Kathleen Hixsonin antamaan rukouspalveluun<\/p>\n","protected":false},"featured_media":111,"template":"","meta":[],"product_brand":[],"product_cat":[22],"product_tag":[],"class_list":{"0":"post-353","1":"product","2":"type-product","3":"status-publish","4":"has-post-thumbnail","6":"product_cat-tapaamiset","8":"first","9":"instock","10":"sold-individually","11":"shipping-taxable","12":"purchasable","13":"product-type-variable"},"_links":{"self":[{"href":"https:\/\/www.deephealing.fi\/kauppa\/wp-json\/wp\/v2\/product\/353","targetHints":{"allow":["GET"]}}],"collection":[{"href":"https:\/\/www.deephealing.fi\/kauppa\/wp-json\/wp\/v2\/product"}],"about":[{"href":"https:\/\/www.deephealing.fi\/kauppa\/wp-json\/wp\/v2\/types\/product"}],"wp:featuredmedia":[{"embeddable":true,"href":"https:\/\/www.deephealing.fi\/kauppa\/wp-json\/wp\/v2\/media\/111"}],"wp:attachment":[{"href":"https:\/\/www.deephealing.fi\/kauppa\/wp-json\/wp\/v2\/media?parent=353"}],"wp:term":[{"taxonomy":"product_brand","embeddable":true,"href":"https:\/\/www.deephealing.fi\/kauppa\/wp-json\/wp\/v2\/product_brand?post=353"},{"taxonomy":"product_cat","embeddable":true,"href":"https:\/\/www.deephealing.fi\/kauppa\/wp-json\/wp\/v2\/product_cat?post=353"},{"taxonomy":"product_tag","embeddable":true,"href":"https:\/\/www.deephealing.fi\/kauppa\/wp-json\/wp\/v2\/product_tag?post=353"}],"curies":[{"name":"wp","href":"https:\/\/api.w.org\/{rel}","templated":true}]}}