{"id":374,"date":"2026-05-10T07:00:14","date_gmt":"2026-05-10T07:00:14","guid":{"rendered":"https:\/\/www.deephealing.fi\/kauppa\/?post_type=product&#038;p=374"},"modified":"2026-05-10T07:43:39","modified_gmt":"2026-05-10T07:43:39","slug":"ajanvaraus-rukouspalveluun-10-6-2026","status":"publish","type":"product","link":"https:\/\/www.deephealing.fi\/kauppa\/tuote\/ajanvaraus-rukouspalveluun-10-6-2026\/","title":{"rendered":"Ajanvaraus rukouspalveluun 10.6.2026"},"content":{"rendered":"<div><b>Deep Healing perusseminaari Tampere 5.-7.6.2026<\/b><\/div>\n<p><strong>Henkil\u00f6kohtaisen rukouspalvelun ajanvaraus\u00a0<\/strong>seminaariin osallistuville<br \/>\nRukouspalvelijana Gary tai Kathleen Hixson<br \/>\nTampereella ke 10.6.2026<\/p>\n<p>Rukousaika on 2 tuntia.<br \/>\nRukouspalvelua varten saat varata vain yhden ajan.<br \/>\nIlmoittautumisen edellytyksen\u00e4 on, ett\u00e4 olet osallistunut joko t\u00e4h\u00e4n tai johonkin aiempaan DH seminaariin.<br \/>\nPyrimme j\u00e4rjest\u00e4m\u00e4\u00e4n rukouspalveluun tulkkauksen sit\u00e4 tarvitseville.<br \/>\nPyyd\u00e4mme suhtautumaan ymm\u00e4rryksell\u00e4 siihen, ett\u00e4 kaikille ei v\u00e4ltt\u00e4m\u00e4tt\u00e4 voida tarjota rukouspalvelua tulkkaustoivomusten mukaisesti.<\/p>\n<p>Henkil\u00f6kohtaiseen sielunhoitoon ilmoittautuvien tulee varautua siihen, ett\u00e4 rukouspalvelutapaamisessa on koulutustarkoituksessa mukana tarkkailijoita oppimassa, miten rukouspalvelua tehd\u00e4\u00e4n.\u00a0J\u00e4rjest\u00e4j\u00e4t toivovat, ett\u00e4 mahdollisimman moni voisi hyv\u00e4ksy\u00e4 tarkkailijan osallistumisen, koska se on t\u00e4rke\u00e4 tapa oppia palveluty\u00f6t\u00e4 k\u00e4yt\u00e4nn\u00f6ss\u00e4.<\/p>\n<p style=\"font-weight: 400;\">Hixsonit tekev\u00e4t ty\u00f6t\u00e4\u00e4n uskonvaraisesti. Emme peri rukouspalvelusta maksua, mutta toivomme, ett\u00e4 varaudut tuomaan mukanasi kirjekuoressa sopivaksi katsomasi rahalahjan. Voit my\u00f6s tehd\u00e4 lahjoituksen <a href=\"https:\/\/www.deephealing.fi\/kauppa\/tuote\/lahjoitus\/\">verkkokaupan kautta<\/a> tai maksaa rahalahjan etu- tai j\u00e4lkik\u00e4teen seuraavin tiedoin:<\/p>\n<p style=\"font-weight: 400;\">Saajan tilinumero: ES86\u00a0 1465\u00a0 0130\u00a0 0417 1995 4126<\/p>\n<p style=\"font-weight: 400;\">Saajan nimi: Gary Hixson<\/p>\n<p style=\"font-weight: 400;\">Saajan osoite: Bank: ING\u00a0 DIRECT Seville, Spain<\/p>\n<p style=\"font-weight: 400;\">Viite: 20255<\/p>\n<p style=\"font-weight: 400;\">Lis\u00e4tietoja saat tarvittaessa s\u00e4hk\u00f6postitse <a href=\"mailto:toimisto@deephealing.fi\">toimisto@deephealing.fi<\/a><\/p>\n","protected":false},"excerpt":{"rendered":"<p>Henkil\u00f6kohtainen rukouspalvelu Gary tai Kathleen Hixsonilta<\/p>\n","protected":false},"featured_media":111,"template":"","meta":[],"product_brand":[],"product_cat":[22],"product_tag":[],"class_list":{"0":"post-374","1":"product","2":"type-product","3":"status-publish","4":"has-post-thumbnail","6":"product_cat-tapaamiset","8":"first","9":"instock","10":"sold-individually","11":"shipping-taxable","12":"purchasable","13":"product-type-variable","14":"has-default-attributes"},"_links":{"self":[{"href":"https:\/\/www.deephealing.fi\/kauppa\/wp-json\/wp\/v2\/product\/374","targetHints":{"allow":["GET"]}}],"collection":[{"href":"https:\/\/www.deephealing.fi\/kauppa\/wp-json\/wp\/v2\/product"}],"about":[{"href":"https:\/\/www.deephealing.fi\/kauppa\/wp-json\/wp\/v2\/types\/product"}],"wp:featuredmedia":[{"embeddable":true,"href":"https:\/\/www.deephealing.fi\/kauppa\/wp-json\/wp\/v2\/media\/111"}],"wp:attachment":[{"href":"https:\/\/www.deephealing.fi\/kauppa\/wp-json\/wp\/v2\/media?parent=374"}],"wp:term":[{"taxonomy":"product_brand","embeddable":true,"href":"https:\/\/www.deephealing.fi\/kauppa\/wp-json\/wp\/v2\/product_brand?post=374"},{"taxonomy":"product_cat","embeddable":true,"href":"https:\/\/www.deephealing.fi\/kauppa\/wp-json\/wp\/v2\/product_cat?post=374"},{"taxonomy":"product_tag","embeddable":true,"href":"https:\/\/www.deephealing.fi\/kauppa\/wp-json\/wp\/v2\/product_tag?post=374"}],"curies":[{"name":"wp","href":"https:\/\/api.w.org\/{rel}","templated":true}]}}